{"id":87,"date":"2025-11-13T16:07:29","date_gmt":"2025-11-13T16:07:29","guid":{"rendered":"https:\/\/hormigonespisuerga.com\/?page_id=87"},"modified":"2025-11-18T16:12:31","modified_gmt":"2025-11-18T16:12:31","slug":"empresa","status":"publish","type":"page","link":"https:\/\/hormigonespisuerga.com\/?page_id=87","title":{"rendered":"Empresa"},"content":{"rendered":"\n<div class=\"wp-block-group alignfull has-ast-global-color-5-background-color has-background is-layout-constrained wp-container-core-group-is-layout-94d206d0 wp-block-group-is-layout-constrained\" id=\"about\" style=\"padding-top:143px;padding-bottom:144px\">\n<div class=\"wp-block-media-text has-media-on-the-right is-stacked-on-mobile is-vertically-aligned-center\" style=\"grid-template-columns:auto 37%\"><div class=\"wp-block-media-text__content\">\n<div class=\"inherit-container-width wp-block-group is-layout-constrained wp-container-core-group-is-layout-47ce07ec wp-block-group-is-layout-constrained\" style=\"padding-right:80px\">\n<h2 class=\"wp-block-heading\" style=\"padding-right:40px\">Quienes Somos<\/h2>\n\n\n\n<p>En <strong>Hormigones Pisuerga<\/strong> nos dedicamos a la <strong>fabricaci\u00f3n, suministro y transporte de hormig\u00f3n y morteros<\/strong>, ofreciendo siempre productos de la m\u00e1s alta calidad y un servicio profesional. Contamos con personal cualificado, tecnolog\u00eda avanzada y una flota propia que nos permite atender proyectos de cualquier tama\u00f1o con rapidez y eficiencia.<\/p>\n\n\n\n<p>Nuestro compromiso es garantizar <strong>confianza, puntualidad y resultados duraderos<\/strong>, adapt\u00e1ndonos a las necesidades de cada cliente y contribuyendo al \u00e9xito de cada obra, desde construcciones particulares hasta grandes proyectos industriales.<\/p>\n<\/div>\n<\/div><figure class=\"wp-block-media-text__media\"><img fetchpriority=\"high\" decoding=\"async\" width=\"1200\" height=\"1600\" src=\"https:\/\/hormigonespisuerga.com\/wp-content\/uploads\/2025\/11\/4-768x1024.jpg\" alt=\"\" class=\"wp-image-88 size-full\" srcset=\"https:\/\/hormigonespisuerga.com\/wp-content\/uploads\/2025\/11\/4-768x1024.jpg 768w, https:\/\/hormigonespisuerga.com\/wp-content\/uploads\/2025\/11\/4-225x300.jpg 225w, https:\/\/hormigonespisuerga.com\/wp-content\/uploads\/2025\/11\/4-1152x1536.jpg 1152w, https:\/\/hormigonespisuerga.com\/wp-content\/uploads\/2025\/11\/4.jpg 1200w\" sizes=\"(max-width: 1200px) 100vw, 1200px\" \/><\/figure><\/div>\n<\/div>\n\n\n\n<div class=\"wp-block-uagb-advanced-heading uagb-block-c2825fb4\"><h1 class=\"uagb-heading-text\"><strong>\u00bfQu\u00e9 nos diferencia?<\/strong><\/h1><\/div>\n\n\n\n<div class=\"wp-block-uagb-container uagb-block-11878425 alignfull uagb-is-root-container\"><div class=\"uagb-container-inner-blocks-wrap\">\n<div class=\"wp-block-uagb-container uagb-block-2c26ea27\">\n<div class=\"wp-block-uagb-info-box uagb-block-990b362b uagb-infobox__content-wrap  uagb-infobox-icon-above-title uagb-infobox-image-valign-top\"><div class=\"uagb-ifb-content\"><div class=\"uagb-ifb-icon-wrap\"><svg xmlns=\"https:\/\/www.w3.org\/2000\/svg\" viewBox=\"0 0 384 512\"><path d=\"M288 358.3c13.98-8.088 17.53-30.04 28.88-41.39c11.35-11.35 33.3-14.88 41.39-28.87c7.98-13.79 .1658-34.54 4.373-50.29C366.7 222.5 383.1 208.5 383.1 192c0-16.5-17.27-30.52-21.34-45.73c-4.207-15.75 3.612-36.5-4.365-50.29c-8.086-13.98-30.03-17.52-41.38-28.87c-11.35-11.35-14.89-33.3-28.87-41.39c-13.79-7.979-34.54-.1637-50.29-4.375C222.5 17.27 208.5 0 192 0C175.5 0 161.5 17.27 146.3 21.34C130.5 25.54 109.8 17.73 95.98 25.7C82 33.79 78.46 55.74 67.11 67.08C55.77 78.43 33.81 81.97 25.72 95.95C17.74 109.7 25.56 130.5 21.35 146.2C17.27 161.5 .0008 175.5 .0008 192c0 16.5 17.27 30.52 21.34 45.73c4.207 15.75-3.615 36.5 4.361 50.29C33.8 302 55.74 305.5 67.08 316.9c11.35 11.35 14.89 33.3 28.88 41.4c13.79 7.979 34.53 .1582 50.28 4.369C161.5 366.7 175.5 384 192 384c16.5 0 30.52-17.27 45.74-21.34C253.5 358.5 274.2 366.3 288 358.3zM112 192c0-44.27 35.81-80 80-80s80 35.73 80 80c0 44.17-35.81 80-80 80S112 236.2 112 192zM1.719 433.2c-3.25 8.188-1.781 17.48 3.875 24.25c5.656 6.75 14.53 9.898 23.12 8.148l45.19-9.035l21.43 42.27C99.46 507 107.6 512 116.7 512c.3438 0 .6641-.0117 1.008-.0273c9.5-.375 17.65-6.082 21.24-14.88l33.58-82.08c-53.71-4.639-102-28.12-138.2-63.95L1.719 433.2zM349.6 351.1c-36.15 35.83-84.45 59.31-138.2 63.95l33.58 82.08c3.594 8.797 11.74 14.5 21.24 14.88C266.6 511.1 266.1 512 267.3 512c9.094 0 17.23-4.973 21.35-13.14l21.43-42.28l45.19 9.035c8.594 1.75 17.47-1.398 23.12-8.148c5.656-6.766 7.125-16.06 3.875-24.25L349.6 351.1z\"><\/path><\/svg><\/div><div class=\"uagb-ifb-title-wrap\"><h3 class=\"uagb-ifb-title\">Calidad de servicio<\/h3><\/div><p class=\"uagb-ifb-desc\">En Hormigones Pisuerga trabajamos con dedicaci\u00f3n para ofrecer experiencias \u00fanicas garantizando eficiencia confianza y resultados que superen tus expectativas con claridad y dej\u00e1ndote satisfecho.<\/p><\/div><\/div>\n<\/div>\n\n\n\n<div class=\"wp-block-uagb-container uagb-block-7263ea9c\">\n<div class=\"wp-block-uagb-info-box uagb-block-828eff1c uagb-infobox__content-wrap  uagb-infobox-icon-above-title uagb-infobox-image-valign-top\"><div class=\"uagb-ifb-content\"><div class=\"uagb-ifb-icon-wrap\"><svg xmlns=\"https:\/\/www.w3.org\/2000\/svg\" viewBox=\"0 0 384 512\"><path d=\"M288 358.3c13.98-8.088 17.53-30.04 28.88-41.39c11.35-11.35 33.3-14.88 41.39-28.87c7.98-13.79 .1658-34.54 4.373-50.29C366.7 222.5 383.1 208.5 383.1 192c0-16.5-17.27-30.52-21.34-45.73c-4.207-15.75 3.612-36.5-4.365-50.29c-8.086-13.98-30.03-17.52-41.38-28.87c-11.35-11.35-14.89-33.3-28.87-41.39c-13.79-7.979-34.54-.1637-50.29-4.375C222.5 17.27 208.5 0 192 0C175.5 0 161.5 17.27 146.3 21.34C130.5 25.54 109.8 17.73 95.98 25.7C82 33.79 78.46 55.74 67.11 67.08C55.77 78.43 33.81 81.97 25.72 95.95C17.74 109.7 25.56 130.5 21.35 146.2C17.27 161.5 .0008 175.5 .0008 192c0 16.5 17.27 30.52 21.34 45.73c4.207 15.75-3.615 36.5 4.361 50.29C33.8 302 55.74 305.5 67.08 316.9c11.35 11.35 14.89 33.3 28.88 41.4c13.79 7.979 34.53 .1582 50.28 4.369C161.5 366.7 175.5 384 192 384c16.5 0 30.52-17.27 45.74-21.34C253.5 358.5 274.2 366.3 288 358.3zM112 192c0-44.27 35.81-80 80-80s80 35.73 80 80c0 44.17-35.81 80-80 80S112 236.2 112 192zM1.719 433.2c-3.25 8.188-1.781 17.48 3.875 24.25c5.656 6.75 14.53 9.898 23.12 8.148l45.19-9.035l21.43 42.27C99.46 507 107.6 512 116.7 512c.3438 0 .6641-.0117 1.008-.0273c9.5-.375 17.65-6.082 21.24-14.88l33.58-82.08c-53.71-4.639-102-28.12-138.2-63.95L1.719 433.2zM349.6 351.1c-36.15 35.83-84.45 59.31-138.2 63.95l33.58 82.08c3.594 8.797 11.74 14.5 21.24 14.88C266.6 511.1 266.1 512 267.3 512c9.094 0 17.23-4.973 21.35-13.14l21.43-42.28l45.19 9.035c8.594 1.75 17.47-1.398 23.12-8.148c5.656-6.766 7.125-16.06 3.875-24.25L349.6 351.1z\"><\/path><\/svg><\/div><div class=\"uagb-ifb-title-wrap\"><h3 class=\"uagb-ifb-title\">Calidad de producto<\/h3><\/div><p class=\"uagb-ifb-desc\">Controlamos todo el proceso del producto, desde las materias primas hasta la puesta en obra para controlar y proporcionar la calidad requerida as\u00ed como las caracter\u00edsticas del producto y del servicio demandados.\u200b<\/p><\/div><\/div>\n<\/div>\n\n\n\n<div class=\"wp-block-uagb-container uagb-block-5d982b0e\">\n<div class=\"wp-block-uagb-info-box uagb-block-51eb209e uagb-infobox__content-wrap  uagb-infobox-icon-above-title uagb-infobox-image-valign-top\"><div class=\"uagb-ifb-content\"><div class=\"uagb-ifb-icon-wrap\"><svg xmlns=\"https:\/\/www.w3.org\/2000\/svg\" viewBox=\"0 0 512 512\"><path d=\"M495.9 132.2C505.8 137.9 512 148.5 512 160V480C512 497.7 497.7 512 480 512C462.3 512 448 497.7 448 480V178.6L256 68.86L64 178.6V480C64 497.7 49.67 512 32 512C14.33 512 0 497.7 0 480V160C0 148.5 6.153 137.9 16.12 132.2L240.1 4.216C249.1-1.405 262-1.405 271.9 4.216L495.9 132.2zM216 168C216 145.9 233.9 128 256 128C278.1 128 296 145.9 296 168C296 190.1 278.1 208 256 208C233.9 208 216 190.1 216 168zM224 512C210.7 512 200 501.3 200 488V313.5L173.1 363.4C166.8 375 152.3 379.4 140.6 373.1C128.1 366.8 124.6 352.3 130.9 340.6L168.7 270.3C184.1 241.8 213.9 223.1 246.2 223.1H265.8C298.1 223.1 327.9 241.8 343.3 270.3L381.1 340.6C387.4 352.3 383 366.8 371.4 373.1C359.7 379.4 345.2 375 338.9 363.4L312 313.5V488C312 501.3 301.3 512 288 512C274.7 512 264 501.3 264 488V400H248V488C248 501.3 237.3 512 224 512V512z\"><\/path><\/svg><\/div><div class=\"uagb-ifb-title-wrap\"><h3 class=\"uagb-ifb-title\">Colaboraci\u00f3n t\u00e9cnica<\/h3><\/div><p class=\"uagb-ifb-desc\">Trabajamos mano a mano con promotores, constructores, arquitectos, jefes de obra e instituciones, con total implicaci\u00f3n para poder aportar asesoramiento y todo tipo de soluciones t\u00e9cnicas.<\/p><\/div><\/div>\n<\/div>\n\n\n\n<div class=\"wp-block-uagb-container uagb-block-629c6b7f\">\n<div class=\"wp-block-uagb-info-box uagb-block-ecc34f1e uagb-infobox__content-wrap  uagb-infobox-icon-above-title uagb-infobox-image-valign-top\"><div class=\"uagb-ifb-content\"><div class=\"uagb-ifb-icon-wrap\"><svg xmlns=\"https:\/\/www.w3.org\/2000\/svg\" viewBox=\"0 0 384 512\"><path d=\"M240.5 224H352C365.3 224 377.3 232.3 381.1 244.7C386.6 257.2 383.1 271.3 373.1 280.1L117.1 504.1C105.8 513.9 89.27 514.7 77.19 505.9C65.1 497.1 60.7 481.1 66.59 467.4L143.5 288H31.1C18.67 288 6.733 279.7 2.044 267.3C-2.645 254.8 .8944 240.7 10.93 231.9L266.9 7.918C278.2-1.92 294.7-2.669 306.8 6.114C318.9 14.9 323.3 30.87 317.4 44.61L240.5 224z\"><\/path><\/svg><\/div><div class=\"uagb-ifb-title-wrap\"><h3 class=\"uagb-ifb-title\">Experiencia<\/h3><\/div><p class=\"uagb-ifb-desc\">A lo largo de los a\u00f1os hemos participado en diversos proyectos que combinan creatividad, innovaci\u00f3n y dedicaci\u00f3n.<br>Cada experiencia nos inspira a seguir explorando nuevas ideas y formas de expresi\u00f3n.<\/p><\/div><\/div>\n<\/div>\n\n\n\n<div class=\"wp-block-uagb-container uagb-block-0a0e96fb\">\n<div class=\"wp-block-uagb-info-box uagb-block-8da5e64c uagb-infobox__content-wrap  uagb-infobox-icon-above-title uagb-infobox-image-valign-top\"><div class=\"uagb-ifb-content\"><div class=\"uagb-ifb-icon-wrap\"><svg xmlns=\"https:\/\/www.w3.org\/2000\/svg\" viewBox=\"0 0 640 512\"><path d=\"M488 191.1h-152l.0001 51.86c.0001 37.66-27.08 72-64.55 75.77c-43.09 4.333-79.45-29.42-79.45-71.63V126.4l-24.51 14.73C123.2 167.8 96.04 215.7 96.04 267.5L16.04 313.8c-15.25 8.751-20.63 28.38-11.75 43.63l80 138.6c8.875 15.25 28.5 20.5 43.75 11.75l103.4-59.75h136.6c35.25 0 64-28.75 64-64c26.51 0 48-21.49 48-48V288h8c13.25 0 24-10.75 24-24l.0001-48C512 202.7 501.3 191.1 488 191.1zM635.7 154.5l-79.95-138.6c-8.875-15.25-28.5-20.5-43.75-11.75l-103.4 59.75h-62.57c-37.85 0-74.93 10.61-107.1 30.63C229.7 100.4 224 110.6 224 121.6l-.0004 126.4c0 22.13 17.88 40 40 40c22.13 0 40-17.88 40-40V159.1h184c30.93 0 56 25.07 56 56v28.5l80-46.25C639.3 189.4 644.5 169.8 635.7 154.5z\"><\/path><\/svg><\/div><div class=\"uagb-ifb-title-wrap\"><h3 class=\"uagb-ifb-title\">Trato cercano<\/h3><\/div><p class=\"uagb-ifb-desc\">Apostamos por un trato cercano y transparente con cada persona que conf\u00eda y trabaja con nosotros.<br>La comunicaci\u00f3n y la atenci\u00f3n personalizada son parte esencial de nuestro trabajo.<\/p><\/div><\/div>\n<\/div>\n\n\n\n<div class=\"wp-block-uagb-container uagb-block-3125012c\">\n<div class=\"wp-block-uagb-info-box uagb-block-c0f59579 uagb-infobox__content-wrap  uagb-infobox-icon-above-title uagb-infobox-image-valign-top\"><div class=\"uagb-ifb-content\"><div class=\"uagb-ifb-icon-wrap\"><svg xmlns=\"https:\/\/www.w3.org\/2000\/svg\" viewBox=\"0 0 640 512\"><path d=\"M512 160c44.18 0 80-35.82 80-80S556.2 0 512 0c-44.18 0-80 35.82-80 80S467.8 160 512 160zM128 160c44.18 0 80-35.82 80-80S172.2 0 128 0C83.82 0 48 35.82 48 80S83.82 160 128 160zM319.9 320c57.41 0 103.1-46.56 103.1-104c0-57.44-46.54-104-103.1-104c-57.41 0-103.1 46.56-103.1 104C215.9 273.4 262.5 320 319.9 320zM368 400c0-16.69 3.398-32.46 8.619-47.36C374.3 352.5 372.2 352 369.9 352H270.1C191.6 352 128 411.7 128 485.3C128 500.1 140.7 512 156.4 512h266.1C389.5 485.6 368 445.5 368 400zM183.9 216c0-5.449 .9824-10.63 1.609-15.91C174.6 194.1 162.6 192 149.9 192H88.08C39.44 192 0 233.8 0 285.3C0 295.6 7.887 304 17.62 304h199.5C196.7 280.2 183.9 249.7 183.9 216zM551.9 192h-61.84c-12.8 0-24.88 3.037-35.86 8.24C454.8 205.5 455.8 210.6 455.8 216c0 21.47-5.625 41.38-14.65 59.34C462.2 263.4 486.1 256 512 256c42.48 0 80.27 18.74 106.6 48h3.756C632.1 304 640 295.6 640 285.3C640 233.8 600.6 192 551.9 192zM618.1 366.7c-5.025-16.01-13.59-30.62-24.75-42.71c-1.674-1.861-4.467-2.326-6.699-1.023l-19.17 11.07c-8.096-6.887-17.4-12.28-27.45-15.82V295.1c0-2.514-1.861-4.746-4.281-5.213c-16.56-3.723-33.5-3.629-49.32 0C484.9 291.2 483.1 293.5 483.1 295.1v22.24c-10.05 3.537-19.36 8.932-27.45 15.82l-19.26-11.07c-2.139-1.303-4.932-.8379-6.697 1.023c-11.17 12.1-19.73 26.71-24.66 42.71c-.7441 2.512 .2793 5.117 2.42 6.326l19.17 11.17c-1.859 10.42-1.859 21.21 0 31.64l-19.17 11.17c-2.234 1.209-3.164 3.816-2.42 6.328c4.932 16.01 13.49 30.52 24.66 42.71c1.766 1.863 4.467 2.328 6.697 1.025l19.26-11.07c8.094 6.887 17.4 12.28 27.45 15.82v22.24c0 2.514 1.77 4.746 4.188 5.211c16.66 3.723 33.5 3.629 49.32 0c2.42-.4648 4.281-2.697 4.281-5.211v-22.24c10.05-3.535 19.36-8.932 27.45-15.82l19.17 11.07c2.141 1.303 5.025 .8379 6.699-1.025c11.17-12.1 19.73-26.7 24.75-42.71c.7441-2.512-.2773-5.119-2.512-6.328l-19.17-11.17c1.953-10.42 1.953-21.22 0-31.64l19.17-11.17C618.7 371.8 619.7 369.2 618.1 366.7zM512 432c-17.67 0-32-14.33-32-32c0-17.67 14.33-32 32-32s32 14.33 32 32C544 417.7 529.7 432 512 432z\"><\/path><\/svg><\/div><div class=\"uagb-ifb-title-wrap\"><h3 class=\"uagb-ifb-title\">Eficacia<\/h3><\/div><p class=\"uagb-ifb-desc\">Nos caracterizamos por nuestra eficacia en cada proyecto, cumpliendo con los objetivos y plazos establecidos.<br>Trabajamos con una metodolog\u00eda clara y orientada a resultados concretos.<\/p><\/div><\/div>\n<\/div>\n<\/div><\/div>\n\n\n\n<div style=\"height:100px\" aria-hidden=\"true\" class=\"wp-block-spacer\"><\/div>\n\n\n\n<div class=\"wp-block-uagb-advanced-heading uagb-block-94d740e6\"><h2 class=\"uagb-heading-text\">Nuestros certificados de Calidad<\/h2><\/div>\n\n\n\n<div data-wp-interactive=\"core\/file\" class=\"wp-block-file\" style=\"border-width:18px;border-radius:9px\"><object data-wp-bind--hidden=\"!state.hasPdfPreview\" hidden class=\"wp-block-file__embed\" data=\"https:\/\/hormigonespisuerga.com\/wp-content\/uploads\/2025\/11\/Certificado-de-Calidad.pdf\" type=\"application\/pdf\" style=\"width:100%;height:600px\" aria-label=\"Incrustado de Certificado de Calidad.\"><\/object><a id=\"wp-block-file--media-9fe624ee-a84d-4634-b280-8cf64ee44f69\" href=\"https:\/\/hormigonespisuerga.com\/wp-content\/uploads\/2025\/11\/Certificado-de-Calidad.pdf\" target=\"_blank\" rel=\"noreferrer noopener\">Certificado de Calidad<\/a><a href=\"https:\/\/hormigonespisuerga.com\/wp-content\/uploads\/2025\/11\/Certificado-de-Calidad.pdf\" class=\"wp-block-file__button wp-element-button\" download aria-describedby=\"wp-block-file--media-9fe624ee-a84d-4634-b280-8cf64ee44f69\">Descarga<\/a><\/div>\n\n\n\n<div class=\"wp-block-buttons is-layout-flex wp-block-buttons-is-layout-flex\"><\/div>\n\n\n\n<div style=\"height:100px\" aria-hidden=\"true\" class=\"wp-block-spacer\"><\/div>\n\n\n\n<div class=\"wp-block-uagb-separator uagb-block-95ebe594\"><div class=\"wp-block-uagb-separator__inner\" style=\"--my-background-image:\"><\/div><\/div>\n\n\n\n<div class=\"wp-block-uagb-advanced-heading uagb-block-a000914c\"><h1 class=\"uagb-heading-text\">Nuestras infraestructuras<\/h1><\/div>\n\n\n\n<div class=\"wp-block-uagb-container uagb-block-dee73ea1 alignfull uagb-is-root-container\"><div class=\"uagb-container-inner-blocks-wrap\">\n<p> Nuestras instalaciones est\u00e1n dise\u00f1adas para brindar un entorno seguro, funcional y moderno que respalde la calidad de nuestro trabajo. Contamos con tecnolog\u00eda avanzada y equipamiento especializado que garantiza eficiencia en cada proyecto. Cada espacio est\u00e1 pensado para optimizar procesos y facilitar la comodidad de nuestro equipo y clientes. La organizaci\u00f3n y el cuidado de nuestras infraestructuras reflejan nuestro compromiso con la excelencia en cada servicio que ofrecemos.<\/p>\n<\/div><\/div>\n\n\n\t\t\t\t\t<div\n\t\t\t\t\t\tclass=\"wp-block-uagb-image-gallery uagb-block-745f2291     \"\n\t\t\t\t\t\tstyle=\"\"\n\t\t\t\t\t>\n\t\t\t\t\t\t\t\t\t\t\t<div class=\"spectra-image-gallery spectra-image-gallery__layout--grid spectra-image-gallery__layout--grid-col-3 spectra-image-gallery__layout--grid-col-tab-3 spectra-image-gallery__layout--grid-col-mob-2\">\n\t\t\t\t\t\t\t\t\t\t\t<div class='spectra-image-gallery__media-wrapper' data-spectra-gallery-image-id='91' tabindex=\"0\">\n\t\t\t\t\t\t\t<div class=\"spectra-image-gallery__media spectra-image-gallery__media--grid\">\n\t\t\t\t<picture>\n\t\t\t\t\t<source media=\"(min-width: 1024px)\" srcset=\"https:\/\/hormigonespisuerga.com\/wp-content\/uploads\/2025\/11\/4-1-768x1024.jpg\">\n\t\t\t\t\t<source media=\"(min-width: 768px)\" srcset=\"https:\/\/hormigonespisuerga.com\/wp-content\/uploads\/2025\/11\/4-1-768x1024.jpg\">\n\t\t\t\t\t<img decoding=\"async\" class=\"spectra-image-gallery__media-thumbnail spectra-image-gallery__media-thumbnail--grid\" src=\"https:\/\/hormigonespisuerga.com\/wp-content\/uploads\/2025\/11\/4-1-225x300.jpg\" alt=\"\" loading=\"lazy\" \/>\n\t\t\t\t<\/picture>\n\t\t\t\t<div class=\"spectra-image-gallery__media-thumbnail-blurrer\"><\/div>\n\t\t\t\t\t\t\t\t\t\t\t<div class=\"spectra-image-gallery__media-thumbnail-caption-wrapper spectra-image-gallery__media-thumbnail-caption-wrapper--overlay\">\n\t\t\t\t\t\t\t\t\t\t\t<div class=\"spectra-image-gallery__media-thumbnail-caption spectra-image-gallery__media-thumbnail-caption--overlay\">\n\t\t\t\t\t\t\t\t\t<\/div>\n\t\t\t\t\t\t\t\t\t\t<\/div>\n\t\t\t\t\t\t\t\t\t<\/div>\n\t\t\t\t\t\t<\/div>\n\t\t\t\t\t\t<div class='spectra-image-gallery__media-wrapper' data-spectra-gallery-image-id='70' tabindex=\"0\">\n\t\t\t\t\t\t\t<div class=\"spectra-image-gallery__media spectra-image-gallery__media--grid\">\n\t\t\t\t<picture>\n\t\t\t\t\t<source media=\"(min-width: 1024px)\" srcset=\"https:\/\/hormigonespisuerga.com\/wp-content\/uploads\/2025\/11\/1-1024x768.jpg\">\n\t\t\t\t\t<source media=\"(min-width: 768px)\" srcset=\"https:\/\/hormigonespisuerga.com\/wp-content\/uploads\/2025\/11\/1-1024x768.jpg\">\n\t\t\t\t\t<img decoding=\"async\" class=\"spectra-image-gallery__media-thumbnail spectra-image-gallery__media-thumbnail--grid\" src=\"https:\/\/hormigonespisuerga.com\/wp-content\/uploads\/2025\/11\/1-300x225.jpg\" alt=\"\" loading=\"lazy\" \/>\n\t\t\t\t<\/picture>\n\t\t\t\t<div class=\"spectra-image-gallery__media-thumbnail-blurrer\"><\/div>\n\t\t\t\t\t\t\t\t\t\t\t<div class=\"spectra-image-gallery__media-thumbnail-caption-wrapper spectra-image-gallery__media-thumbnail-caption-wrapper--overlay\">\n\t\t\t\t\t\t\t\t\t\t\t<div class=\"spectra-image-gallery__media-thumbnail-caption spectra-image-gallery__media-thumbnail-caption--overlay\">\n\t\t\t\t\t\t\t\t\t<\/div>\n\t\t\t\t\t\t\t\t\t\t<\/div>\n\t\t\t\t\t\t\t\t\t<\/div>\n\t\t\t\t\t\t<\/div>\n\t\t\t\t\t\t<div class='spectra-image-gallery__media-wrapper' data-spectra-gallery-image-id='71' tabindex=\"0\">\n\t\t\t\t\t\t\t<div class=\"spectra-image-gallery__media spectra-image-gallery__media--grid\">\n\t\t\t\t<picture>\n\t\t\t\t\t<source media=\"(min-width: 1024px)\" srcset=\"https:\/\/hormigonespisuerga.com\/wp-content\/uploads\/2025\/11\/7.jpg\">\n\t\t\t\t\t<source media=\"(min-width: 768px)\" srcset=\"https:\/\/hormigonespisuerga.com\/wp-content\/uploads\/2025\/11\/7.jpg\">\n\t\t\t\t\t<img decoding=\"async\" class=\"spectra-image-gallery__media-thumbnail spectra-image-gallery__media-thumbnail--grid\" src=\"https:\/\/hormigonespisuerga.com\/wp-content\/uploads\/2025\/11\/7-300x225.jpg\" alt=\"\" loading=\"lazy\" \/>\n\t\t\t\t<\/picture>\n\t\t\t\t<div class=\"spectra-image-gallery__media-thumbnail-blurrer\"><\/div>\n\t\t\t\t\t\t\t\t\t\t\t<div class=\"spectra-image-gallery__media-thumbnail-caption-wrapper spectra-image-gallery__media-thumbnail-caption-wrapper--overlay\">\n\t\t\t\t\t\t\t\t\t\t\t<div class=\"spectra-image-gallery__media-thumbnail-caption spectra-image-gallery__media-thumbnail-caption--overlay\">\n\t\t\t\t\t\t\t\t\t<\/div>\n\t\t\t\t\t\t\t\t\t\t<\/div>\n\t\t\t\t\t\t\t\t\t<\/div>\n\t\t\t\t\t\t<\/div>\n\t\t\t\t\t\t\t\t\t\t<\/div>\n\t\t\t\t\t\t\t\t\t\t\t\t\t\t\t\t\t\t<\/div>\n\t\t\t\t\t\t\t\t\t\n\n\n<p><\/p>\n","protected":false},"excerpt":{"rendered":"<p>Quienes Somos En Hormigones Pisuerga nos dedicamos a la fabricaci\u00f3n, suministro y transporte de hormig\u00f3n y morteros, ofreciendo siempre productos [&hellip;]<\/p>\n","protected":false},"author":1,"featured_media":0,"parent":0,"menu_order":0,"comment_status":"closed","ping_status":"closed","template":"","meta":{"_uag_custom_page_level_css":"","site-sidebar-layout":"default","site-content-layout":"","ast-site-content-layout":"default","site-content-style":"default","site-sidebar-style":"default","ast-global-header-display":"","ast-banner-title-visibility":"","ast-main-header-display":"","ast-hfb-above-header-display":"","ast-hfb-below-header-display":"","ast-hfb-mobile-header-display":"","site-post-title":"","ast-breadcrumbs-content":"","ast-featured-img":"","footer-sml-layout":"","theme-transparent-header-meta":"","adv-header-id-meta":"","stick-header-meta":"","header-above-stick-meta":"","header-main-stick-meta":"","header-below-stick-meta":"","astra-migrate-meta-layouts":"default","ast-page-background-enabled":"default","ast-page-background-meta":{"desktop":{"background-color":"var(--ast-global-color-5)","background-image":"","background-repeat":"repeat","background-position":"center center","background-size":"auto","background-attachment":"scroll","background-type":"","background-media":"","overlay-type":"","overlay-color":"","overlay-opacity":"","overlay-gradient":""},"tablet":{"background-color":"","background-image":"","background-repeat":"repeat","background-position":"center center","background-size":"auto","background-attachment":"scroll","background-type":"","background-media":"","overlay-type":"","overlay-color":"","overlay-opacity":"","overlay-gradient":""},"mobile":{"background-color":"","background-image":"","background-repeat":"repeat","background-position":"center center","background-size":"auto","background-attachment":"scroll","background-type":"","background-media":"","overlay-type":"","overlay-color":"","overlay-opacity":"","overlay-gradient":""}},"ast-content-background-meta":{"desktop":{"background-color":"var(--ast-global-color-4)","background-image":"","background-repeat":"repeat","background-position":"center center","background-size":"auto","background-attachment":"scroll","background-type":"","background-media":"","overlay-type":"","overlay-color":"","overlay-opacity":"","overlay-gradient":""},"tablet":{"background-color":"var(--ast-global-color-4)","background-image":"","background-repeat":"repeat","background-position":"center center","background-size":"auto","background-attachment":"scroll","background-type":"","background-media":"","overlay-type":"","overlay-color":"","overlay-opacity":"","overlay-gradient":""},"mobile":{"background-color":"var(--ast-global-color-4)","background-image":"","background-repeat":"repeat","background-position":"center center","background-size":"auto","background-attachment":"scroll","background-type":"","background-media":"","overlay-type":"","overlay-color":"","overlay-opacity":"","overlay-gradient":""}},"_joinchat":[],"footnotes":""},"class_list":["post-87","page","type-page","status-publish","hentry"],"uagb_featured_image_src":{"full":false,"thumbnail":false,"medium":false,"medium_large":false,"large":false,"1536x1536":false,"2048x2048":false},"uagb_author_info":{"display_name":"admin","author_link":"https:\/\/hormigonespisuerga.com\/?author=1"},"uagb_comment_info":0,"uagb_excerpt":"Quienes Somos En Hormigones Pisuerga nos dedicamos a la fabricaci\u00f3n, suministro y transporte de hormig\u00f3n y morteros, ofreciendo siempre productos [&hellip;]","_links":{"self":[{"href":"https:\/\/hormigonespisuerga.com\/index.php?rest_route=\/wp\/v2\/pages\/87","targetHints":{"allow":["GET"]}}],"collection":[{"href":"https:\/\/hormigonespisuerga.com\/index.php?rest_route=\/wp\/v2\/pages"}],"about":[{"href":"https:\/\/hormigonespisuerga.com\/index.php?rest_route=\/wp\/v2\/types\/page"}],"author":[{"embeddable":true,"href":"https:\/\/hormigonespisuerga.com\/index.php?rest_route=\/wp\/v2\/users\/1"}],"replies":[{"embeddable":true,"href":"https:\/\/hormigonespisuerga.com\/index.php?rest_route=%2Fwp%2Fv2%2Fcomments&post=87"}],"version-history":[{"count":6,"href":"https:\/\/hormigonespisuerga.com\/index.php?rest_route=\/wp\/v2\/pages\/87\/revisions"}],"predecessor-version":[{"id":165,"href":"https:\/\/hormigonespisuerga.com\/index.php?rest_route=\/wp\/v2\/pages\/87\/revisions\/165"}],"wp:attachment":[{"href":"https:\/\/hormigonespisuerga.com\/index.php?rest_route=%2Fwp%2Fv2%2Fmedia&parent=87"}],"curies":[{"name":"wp","href":"https:\/\/api.w.org\/{rel}","templated":true}]}}