{"id":61,"date":"2025-11-12T17:32:08","date_gmt":"2025-11-12T17:32:08","guid":{"rendered":"https:\/\/hormigonespisuerga.com\/?page_id=61"},"modified":"2025-11-19T15:12:23","modified_gmt":"2025-11-19T15:12:23","slug":"contacto","status":"publish","type":"page","link":"https:\/\/hormigonespisuerga.com\/?page_id=61","title":{"rendered":"Contacto"},"content":{"rendered":"\n<p>Y descubre c\u00f3mo podemos optimizar tus ideas.<\/p>\n\n\n\n<div class=\"wp-block-uagb-container uagb-block-89e7a004 alignfull uagb-is-root-container\"><div class=\"uagb-container-inner-blocks-wrap\">\n<div class=\"wp-block-uagb-forms uagb-forms__outer-wrap uagb-block-b56308f1 uagb-forms__medium-btn\"><form class=\"uagb-forms-main-form\" method=\"post\" autocomplete=\"on\" name=\"uagb-form-b56308f1\">\n<div class=\"wp-block-uagb-forms-name uagb-forms-name-wrap uagb-forms-field-set uagb-block-2c6a2444\"><div class=\"uagb-forms-name-label required uagb-forms-input-label\" id=\"2c6a2444\">Nombre<\/div><input type=\"text\" placeholder=\"Escribe aqu\u00ed tu nombre...\" required class=\"uagb-forms-name-input uagb-forms-input\" name=\"2c6a2444\" autocomplete=\"given-name\"\/><\/div>\n\n\n\n<div class=\"wp-block-uagb-forms-name uagb-forms-name-wrap uagb-forms-field-set uagb-block-2585336a\"><div class=\"uagb-forms-name-label required uagb-forms-input-label\" id=\"2585336a\">Apellidos<\/div><input type=\"text\" placeholder=\"Escribe aqu\u00ed tus apellidos...\" required class=\"uagb-forms-name-input uagb-forms-input\" name=\"2585336a\" autocomplete=\"family-name\"\/><\/div>\n\n\n\n<div class=\"wp-block-uagb-forms-email uagb-forms-email-wrap uagb-forms-field-set uagb-block-54ad8c7b\"><div class=\"uagb-forms-email-label required uagb-forms-input-label\" id=\"54ad8c7b\">Correo electr\u00f3nico<\/div><input type=\"email\" class=\"uagb-forms-email-input uagb-forms-input\" placeholder=\"Escribe aqu\u00fai tu correo electr\u00f3nico...\" required name=\"54ad8c7b\" autocomplete=\"email\"\/><\/div>\n\n\n\n<div class=\"wp-block-uagb-forms-textarea uagb-forms-textarea-wrap uagb-forms-field-set uagb-block-94694f6c\"><div class=\"uagb-forms-textarea-label required uagb-forms-input-label\" id=\"94694f6c\">Mensaje<\/div><textarea required class=\"uagb-forms-textarea-input uagb-forms-input\" rows=\"6\" placeholder=\"Deja aqu\u00ed tu mensaje...\" name=\"94694f6c\" autocomplete=\"off\"><\/textarea><\/div>\n\n\n\n<div class=\"wp-block-uagb-forms-checkbox uagb-forms-checkbox-wrap uagb-forms-field-set uagb-block-a26bbb0b\"><div class=\"uagb-forms-checkbox-label  uagb-forms-input-label\" id=\"a26bbb0b\">En Hormigones Pisuerga estamos comprometidos con tu privacidad. Utilizamos la informaci\u00f3n que nos has proporcionado (nombre, apellidos, correo electr\u00f3nico) para contactar contigo y ofrecerte informaci\u00f3n sobre nuestros productos y servicios. Puedes revocar este consentimiento en cualquier momento. Consulta nuestra <a href=\"https:\/\/hormigonespisuerga.com\/?page_id=53\" data-type=\"page\" data-id=\"53\">Pol\u00edtica de privacidad<\/a> para obtener m\u00e1s informaci\u00f3n.<\/div><\/div>\n\n\n\n<div class=\"wp-block-uagb-forms-accept uagb-forms-accept-wrap uagb-forms-field-set uagb-block-8873f226\"><input type=\"checkbox\" name=\"8873f226\" required value=\"Agree\" class=\"uagb-forms-checkbox\" id=\"uagb-forms-accept-8873f226\"\/><label name=\"8873f226\" for=\"uagb-forms-accept-8873f226\" class=\"uagb-forms-accept-label required\" id=\"8873f226\">He le\u00eddo y acepto la pol\u00edtica de privacidad<\/label><br\/><\/div>\n<div class=\"uagb-forms-form-hidden-data\"><input type=\"hidden\" class=\"uagb_forms_form_label\" value=\"Spectra Form\"\/><input type=\"hidden\" class=\"uagb_forms_form_id\" value=\"uagb-form-b56308f1\"\/><\/div><div class=\"uagb-form-reacaptcha-error-b56308f1\"><\/div><div class=\"uagb-forms-main-submit-button-wrap wp-block-button\"><button class=\"uagb-forms-main-submit-button wp-block-button__link\"><div class=\"uagb-forms-main-submit-button-text\">Enviar<\/div><\/button><\/div><\/form><div class=\"uagb-forms-success-message-b56308f1 uagb-forms-submit-message-hide\"><span>\u00a1El formulario ha sido enviado con \u00e9xito!<\/span><\/div><div class=\"uagb-forms-failed-message-b56308f1 uagb-forms-submit-message-hide\"><span>Ha habido alg\u00fan error al enviar el formulario. Por favor, verifique todos los campos del formulario de nuevo.<\/span><\/div><\/div>\n\n\n\n<div class=\"wp-block-uagb-container uagb-block-18a23b57\">\n<div class=\"wp-block-uagb-container uagb-block-fffa2b7e\">\n<div class=\"wp-block-columns is-layout-flex wp-container-core-columns-is-layout-28f84493 wp-block-columns-is-layout-flex\">\n<div class=\"wp-block-column is-layout-flow wp-block-column-is-layout-flow\">\n<h4 class=\"wp-block-heading\"><img decoding=\"async\" class=\"wp-image-64\" style=\"width: 48px;\" src=\"https:\/\/othermanospenaranda.com\/wp-content\/uploads\/2025\/05\/iconmonstr-email-11-48-1.png\" alt=\"\"> Correo electr\u00f3nico:<\/h4>\n\n\n\n<p class=\"has-medium-font-size\"><a href=\"mailto:Mirela@hormigonesymorteros.es\">Mirela@hormigonesymorteros.es<\/a><\/p>\n\n\n\n<hr class=\"wp-block-separator has-alpha-channel-opacity is-style-wide\"\/>\n\n\n\n<h4 class=\"wp-block-heading\"><img decoding=\"async\" class=\"wp-image-66\" style=\"width: 48px;\" src=\"https:\/\/othermanospenaranda.com\/wp-content\/uploads\/2025\/05\/iconmonstr-phone-9-48-1.png\" alt=\"\"> Tel\u00e9fono:<\/h4>\n\n\n\n<p class=\"has-black-color has-text-color has-link-color has-medium-font-size wp-elements-0fca3b0c695433571e1edd82924b0448\"><a href=\"tel:642220196\">642 220 196<\/a><\/p>\n\n\n\n<h4 class=\"wp-block-heading\"><img decoding=\"async\" class=\"wp-image-81\" style=\"width: 48px;\" src=\"https:\/\/othermanospenaranda.com\/wp-content\/uploads\/2025\/05\/iconmonstr-delivery-8-48.png\" alt=\"\"> Atenci\u00f3n telef\u00f3nica:<\/h4>\n\n\n\n<p class=\"has-black-color has-text-color has-link-color has-medium-font-size wp-elements-fc865927b20990cc311778a5b3e47b6e\"><strong> Lunes- Viernes:<\/strong> 08:00 h. &#8211; 20:00 h. <\/p>\n<\/div>\n<\/div>\n<\/div>\n<\/div>\n<\/div><\/div>\n\n\n\t\t\t<div \n\t\t\tclass=\"wp-block-uagb-google-map uagb-google-map__wrap uagb-block-58e7db4d     \"\n\t\t\tstyle=\"\" >\n\t\t\t\t<embed\n\t\t\t\t\tclass=\"uagb-google-map__iframe\"\n\t\t\t\t\ttitle=\"Mapa de Google de\"\n\t\t\t\t\tsrc=\"https:\/\/maps.google.com\/maps?q=Cl.%20Serrano%2C%2076%20%E2%80%93%2028006%2C%20Madrid%20%28Espa%C3%B1a%29.&#038;z=12&#038;hl=en&#038;t=m&#038;output=embed&#038;iwloc=near\"\n\t\t\t\t\twidth=\"640\"\n\t\t\t\t\theight=\"300\"\n\t\t\t\t\tloading=\"lazy\"\n\t\t\t\t><\/embed>\n\t\t\t<\/div>\n\t\t\t","protected":false},"excerpt":{"rendered":"<p>Y descubre c\u00f3mo podemos optimizar tus ideas. Correo electr\u00f3nico: Mirela@hormigonesymorteros.es Tel\u00e9fono: 642 220 196 Atenci\u00f3n telef\u00f3nica: Lunes- Viernes: 08:00 h. [&hellip;]<\/p>\n","protected":false},"author":1,"featured_media":0,"parent":0,"menu_order":0,"comment_status":"closed","ping_status":"closed","template":"","meta":{"_uag_custom_page_level_css":"","site-sidebar-layout":"default","site-content-layout":"","ast-site-content-layout":"default","site-content-style":"default","site-sidebar-style":"default","ast-global-header-display":"","ast-banner-title-visibility":"","ast-main-header-display":"","ast-hfb-above-header-display":"","ast-hfb-below-header-display":"","ast-hfb-mobile-header-display":"","site-post-title":"","ast-breadcrumbs-content":"","ast-featured-img":"","footer-sml-layout":"","theme-transparent-header-meta":"","adv-header-id-meta":"","stick-header-meta":"","header-above-stick-meta":"","header-main-stick-meta":"","header-below-stick-meta":"","astra-migrate-meta-layouts":"default","ast-page-background-enabled":"default","ast-page-background-meta":{"desktop":{"background-color":"var(--ast-global-color-5)","background-image":"","background-repeat":"repeat","background-position":"center center","background-size":"auto","background-attachment":"scroll","background-type":"","background-media":"","overlay-type":"","overlay-color":"","overlay-opacity":"","overlay-gradient":""},"tablet":{"background-color":"","background-image":"","background-repeat":"repeat","background-position":"center center","background-size":"auto","background-attachment":"scroll","background-type":"","background-media":"","overlay-type":"","overlay-color":"","overlay-opacity":"","overlay-gradient":""},"mobile":{"background-color":"","background-image":"","background-repeat":"repeat","background-position":"center center","background-size":"auto","background-attachment":"scroll","background-type":"","background-media":"","overlay-type":"","overlay-color":"","overlay-opacity":"","overlay-gradient":""}},"ast-content-background-meta":{"desktop":{"background-color":"var(--ast-global-color-4)","background-image":"","background-repeat":"repeat","background-position":"center center","background-size":"auto","background-attachment":"scroll","background-type":"","background-media":"","overlay-type":"","overlay-color":"","overlay-opacity":"","overlay-gradient":""},"tablet":{"background-color":"var(--ast-global-color-4)","background-image":"","background-repeat":"repeat","background-position":"center center","background-size":"auto","background-attachment":"scroll","background-type":"","background-media":"","overlay-type":"","overlay-color":"","overlay-opacity":"","overlay-gradient":""},"mobile":{"background-color":"var(--ast-global-color-4)","background-image":"","background-repeat":"repeat","background-position":"center center","background-size":"auto","background-attachment":"scroll","background-type":"","background-media":"","overlay-type":"","overlay-color":"","overlay-opacity":"","overlay-gradient":""}},"_joinchat":[],"footnotes":""},"class_list":["post-61","page","type-page","status-publish","hentry"],"uagb_featured_image_src":{"full":false,"thumbnail":false,"medium":false,"medium_large":false,"large":false,"1536x1536":false,"2048x2048":false},"uagb_author_info":{"display_name":"admin","author_link":"https:\/\/hormigonespisuerga.com\/?author=1"},"uagb_comment_info":0,"uagb_excerpt":"Y descubre c\u00f3mo podemos optimizar tus ideas. Correo electr\u00f3nico: Mirela@hormigonesymorteros.es Tel\u00e9fono: 642 220 196 Atenci\u00f3n telef\u00f3nica: Lunes- Viernes: 08:00 h. [&hellip;]","_links":{"self":[{"href":"https:\/\/hormigonespisuerga.com\/index.php?rest_route=\/wp\/v2\/pages\/61","targetHints":{"allow":["GET"]}}],"collection":[{"href":"https:\/\/hormigonespisuerga.com\/index.php?rest_route=\/wp\/v2\/pages"}],"about":[{"href":"https:\/\/hormigonespisuerga.com\/index.php?rest_route=\/wp\/v2\/types\/page"}],"author":[{"embeddable":true,"href":"https:\/\/hormigonespisuerga.com\/index.php?rest_route=\/wp\/v2\/users\/1"}],"replies":[{"embeddable":true,"href":"https:\/\/hormigonespisuerga.com\/index.php?rest_route=%2Fwp%2Fv2%2Fcomments&post=61"}],"version-history":[{"count":4,"href":"https:\/\/hormigonespisuerga.com\/index.php?rest_route=\/wp\/v2\/pages\/61\/revisions"}],"predecessor-version":[{"id":176,"href":"https:\/\/hormigonespisuerga.com\/index.php?rest_route=\/wp\/v2\/pages\/61\/revisions\/176"}],"wp:attachment":[{"href":"https:\/\/hormigonespisuerga.com\/index.php?rest_route=%2Fwp%2Fv2%2Fmedia&parent=61"}],"curies":[{"name":"wp","href":"https:\/\/api.w.org\/{rel}","templated":true}]}}