{"id":112,"date":"2025-11-13T17:29:01","date_gmt":"2025-11-13T17:29:01","guid":{"rendered":"https:\/\/hormigonespisuerga.com\/?page_id=112"},"modified":"2025-11-17T15:52:23","modified_gmt":"2025-11-17T15:52:23","slug":"hormigones","status":"publish","type":"page","link":"https:\/\/hormigonespisuerga.com\/?page_id=112","title":{"rendered":"Hormigones"},"content":{"rendered":"\n<div class=\"wp-block-uagb-container uagb-block-7832eb50 alignfull uagb-is-root-container\"><div class=\"uagb-container-inner-blocks-wrap\">\n<div class=\"wp-block-uagb-container uagb-block-8d6533d8\">\n<div class=\"wp-block-uagb-advanced-heading uagb-block-b4c04bff\"><h2 class=\"uagb-heading-text\">Hormigones<\/h2><\/div>\n\n\n\n<p class=\"has-text-align-center\">En <em>Hormigones Pisuerga<\/em> somos especialistas en la fabricaci\u00f3n y suministro de hormig\u00f3n preparado, adaptado a las necesidades de cada obra. Ofrecemos soluciones resistentes, duraderas y con garant\u00eda de calidad certificada.<\/p>\n<\/div>\n<\/div><\/div>\n\n\n\n<div class=\"wp-block-uagb-image uagb-block-cf9a8806 wp-block-uagb-image--layout-default wp-block-uagb-image--effect-static wp-block-uagb-image--align-none\"><figure class=\"wp-block-uagb-image__figure\"><img loading=\"lazy\" decoding=\"async\" srcset=\"https:\/\/hormigonespisuerga.com\/wp-content\/uploads\/2025\/11\/diagonales-verde-2048x52-1-1024x26.png ,https:\/\/hormigonespisuerga.com\/wp-content\/uploads\/2025\/11\/diagonales-verde-2048x52-1.png 780w, https:\/\/hormigonespisuerga.com\/wp-content\/uploads\/2025\/11\/diagonales-verde-2048x52-1.png 360w\" sizes=\"auto, (max-width: 480px) 150px\" src=\"https:\/\/hormigonespisuerga.com\/wp-content\/uploads\/2025\/11\/diagonales-verde-2048x52-1-1024x26.png\" alt=\"\" class=\"uag-image-114\" width=\"1195\" height=\"30\" title=\"diagonales-verde-2048x52\" loading=\"lazy\" role=\"img\"\/><\/figure><\/div>\n\n\n\n<div class=\"wp-block-uagb-container uagb-block-fb09d626 alignfull uagb-is-root-container\"><div class=\"uagb-container-inner-blocks-wrap\">\n<div class=\"wp-block-uagb-container uagb-block-b3792d77\">\n<div class=\"wp-block-uagb-advanced-heading uagb-block-0addac71\"><h2 class=\"uagb-heading-text\">Producci\u00f3n local, compromiso total.<\/h2><\/div>\n\n\n\n<p>En <em>Hormigones Pisuerga<\/em> apostamos por la fabricaci\u00f3n local, utilizando materias primas de la zona y procesos controlados que garantizan la m\u00e1xima calidad. Nuestro compromiso es ofrecer un servicio cercano, r\u00e1pido y responsable, asegurando que cada entrega cumpla con las necesidades y plazos de tu obra.<\/p>\n<\/div>\n\n\n\n<div class=\"wp-block-uagb-container uagb-block-e9cc8f83\">\n<div class=\"wp-block-uagb-image uagb-block-2412ad4f wp-block-uagb-image--layout-default wp-block-uagb-image--effect-static wp-block-uagb-image--align-none\"><figure class=\"wp-block-uagb-image__figure\"><img loading=\"lazy\" decoding=\"async\" srcset=\"https:\/\/hormigonespisuerga.com\/wp-content\/uploads\/2025\/11\/6-1.jpg ,https:\/\/hormigonespisuerga.com\/wp-content\/uploads\/2025\/11\/6-1.jpg 780w, https:\/\/hormigonespisuerga.com\/wp-content\/uploads\/2025\/11\/6-1.jpg 360w\" sizes=\"auto, (max-width: 480px) 150px\" src=\"https:\/\/hormigonespisuerga.com\/wp-content\/uploads\/2025\/11\/6-1.jpg\" alt=\"\" class=\"uag-image-115\" width=\"1024\" height=\"768\" title=\"6\" loading=\"lazy\" role=\"img\"\/><\/figure><\/div>\n<\/div>\n<\/div><\/div>\n\n\n\n<div style=\"margin-top:var(--wp--preset--spacing--30);margin-bottom:var(--wp--preset--spacing--30);height:100px\" aria-hidden=\"true\" class=\"wp-block-spacer\"><\/div>\n\n\n\n<div class=\"wp-block-uagb-advanced-heading uagb-block-4244f482\"><h1 class=\"uagb-heading-text\"><strong>\u00bfQu\u00e9 hormigones disponemos?<\/strong><\/h1><\/div>\n\n\n\n<div class=\"wp-block-uagb-container uagb-block-926ab8a7 alignfull uagb-is-root-container\"><div class=\"uagb-container-inner-blocks-wrap\">\n<div class=\"wp-block-uagb-container uagb-block-22c357c1\">\n<div class=\"wp-block-uagb-advanced-heading uagb-block-0ebc3ffe\"><h3 class=\"uagb-heading-text\">Hormigones Impresos<\/h3><\/div>\n\n\n\n<p class=\"has-text-align-center\">El hormig\u00f3n pulido es un pavimento continuo de alta resistencia que se trata mediante un proceso de fratasado y pulido para obtener una superficie lisa, brillante y muy duradera. Es ideal para naves industriales, comercios, parkings y viviendas gracias a su f\u00e1cil mantenimiento, resistencia al desgaste y acabado est\u00e9tico moderno.<\/p>\n<\/div>\n\n\n\n<div class=\"wp-block-uagb-container uagb-block-de3080e5\">\n<div class=\"wp-block-uagb-advanced-heading uagb-block-7ba23e1c\"><h3 class=\"uagb-heading-text\">Hormigones Pulidos<\/h3><\/div>\n\n\n\n<p class=\"has-text-align-center\">El hormig\u00f3n pulido ofrece un pavimento continuo y resistente, trabajado con t\u00e9cnicas de fratasado para lograr un acabado brillante, uniforme y atractivo. Es una opci\u00f3n perfecta para negocios, industrias y viviendas que buscan durabilidad, f\u00e1cil limpieza y una est\u00e9tica moderna y profesional. Adaptada a todo tipo de espacios.<\/p>\n<\/div>\n\n\n\n<div class=\"wp-block-uagb-container uagb-block-db817d2f\">\n<div class=\"wp-block-uagb-advanced-heading uagb-block-eb5399a6\"><h3 class=\"uagb-heading-text\">Hormigones en Fachada<\/h3><\/div>\n\n\n\n<p class=\"has-text-align-center\">El hormig\u00f3n en fachada se utiliza como elemento estructural y decorativo, permitiendo crear superficies resistentes, duraderas y con un acabado moderno. Puede emplearse visto, texturizado o pigmentado, ofreciendo gran versatilidad est\u00e9tica y excelente comportamiento frente a la intemperie.<\/p>\n<\/div>\n<\/div><\/div>\n\n\n\n<div style=\"height:100px\" aria-hidden=\"true\" class=\"wp-block-spacer\"><\/div>\n\n\n\n<div class=\"wp-block-uagb-container uagb-block-d1e78dff alignfull uagb-is-root-container\"><div class=\"uagb-container-inner-blocks-wrap\">\n<div class=\"wp-block-uagb-container uagb-block-b9cd4a60\">\n<div class=\"wp-block-uagb-image alignleft uagb-block-29aaf6e8 wp-block-uagb-image--layout-default wp-block-uagb-image--effect-static wp-block-uagb-image--align-left\"><figure class=\"wp-block-uagb-image__figure\"><img loading=\"lazy\" decoding=\"async\" srcset=\"https:\/\/hormigonespisuerga.com\/wp-content\/uploads\/2025\/11\/5-2.jpg ,https:\/\/hormigonespisuerga.com\/wp-content\/uploads\/2025\/11\/5-2.jpg 780w, https:\/\/hormigonespisuerga.com\/wp-content\/uploads\/2025\/11\/5-2.jpg 360w\" sizes=\"auto, (max-width: 480px) 150px\" src=\"https:\/\/hormigonespisuerga.com\/wp-content\/uploads\/2025\/11\/5-2.jpg\" alt=\"\" class=\"uag-image-121\" width=\"1024\" height=\"768\" title=\"5\" loading=\"lazy\" role=\"img\"\/><\/figure><\/div>\n<\/div>\n\n\n\n<div class=\"wp-block-uagb-container uagb-block-318b0aad\">\n<div class=\"wp-block-uagb-image uagb-block-09d0037f wp-block-uagb-image--layout-default wp-block-uagb-image--effect-static wp-block-uagb-image--align-none\"><figure class=\"wp-block-uagb-image__figure\"><img loading=\"lazy\" decoding=\"async\" srcset=\"https:\/\/hormigonespisuerga.com\/wp-content\/uploads\/2025\/11\/7-1.jpg ,https:\/\/hormigonespisuerga.com\/wp-content\/uploads\/2025\/11\/7-1.jpg 780w, https:\/\/hormigonespisuerga.com\/wp-content\/uploads\/2025\/11\/7-1.jpg 360w\" sizes=\"auto, (max-width: 480px) 150px\" src=\"https:\/\/hormigonespisuerga.com\/wp-content\/uploads\/2025\/11\/7-1.jpg\" alt=\"\" class=\"uag-image-123\" width=\"1024\" height=\"768\" title=\"7\" loading=\"lazy\" role=\"img\"\/><\/figure><\/div>\n<\/div>\n\n\n\n<div class=\"wp-block-uagb-container uagb-block-45d8aa9b\">\n<div class=\"wp-block-uagb-image uagb-block-dabbc6ce wp-block-uagb-image--layout-default wp-block-uagb-image--effect-static wp-block-uagb-image--align-none\"><figure class=\"wp-block-uagb-image__figure\"><img loading=\"lazy\" decoding=\"async\" srcset=\"https:\/\/hormigonespisuerga.com\/wp-content\/uploads\/2025\/11\/8-1.jpg ,https:\/\/hormigonespisuerga.com\/wp-content\/uploads\/2025\/11\/8-1.jpg 780w, https:\/\/hormigonespisuerga.com\/wp-content\/uploads\/2025\/11\/8-1.jpg 360w\" sizes=\"auto, (max-width: 480px) 150px\" src=\"https:\/\/hormigonespisuerga.com\/wp-content\/uploads\/2025\/11\/8-1.jpg\" alt=\"\" class=\"uag-image-125\" width=\"1024\" height=\"768\" title=\"8\" loading=\"lazy\" role=\"img\"\/><\/figure><\/div>\n<\/div>\n<\/div><\/div>\n\n\n\n<div style=\"height:100px\" aria-hidden=\"true\" class=\"wp-block-spacer\"><\/div>\n\n\n\n<div class=\"wp-block-uagb-advanced-heading uagb-block-59ff1935\"><h1 class=\"uagb-heading-text\">Beneficios del Hormig\u00f3n<\/h1><\/div>\n\n\n\n<div class=\"wp-block-group alignfull has-background is-layout-constrained wp-container-core-group-is-layout-9cedb757 wp-block-group-is-layout-constrained\" style=\"background-color:#efffef;padding-bottom:0px\">\n<div class=\"wp-block-columns are-vertically-aligned-top is-layout-flex wp-container-core-columns-is-layout-00723822 wp-block-columns-is-layout-flex\">\n<div class=\"wp-block-column is-vertically-aligned-top is-layout-flow wp-container-core-column-is-layout-6b73ce23 wp-block-column-is-layout-flow\">      \n\t\t\t<div class=\"uagb-icon-wrapper uagb-block-b2dbeb3c      \"\n\t\t\tstyle=\"\" >\n\t\t\t\t\t\t\t\t\t<span class=\"uagb-svg-wrapper\" \n\t\t\t\t\t aria-label=\"money-bill\"\t\t\t\t\ttabindex=\"0\">\t\t\n\t\t\t\t\t\t\t\t\t\t<svg xmlns=\"https:\/\/www.w3.org\/2000\/svg\" viewBox= \"0 0 576 512\" role=\"graphics-symbol\" aria-hidden=\"false\" aria-label=\"\"><path d=\"M512 64C547.3 64 576 92.65 576 128V384C576 419.3 547.3 448 512 448H64C28.65 448 0 419.3 0 384V128C0 92.65 28.65 64 64 64H512zM128 384C128 348.7 99.35 320 64 320V384H128zM64 192C99.35 192 128 163.3 128 128H64V192zM512 384V320C476.7 320 448 348.7 448 384H512zM512 128H448C448 163.3 476.7 192 512 192V128zM288 352C341 352 384 309 384 256C384 202.1 341 160 288 160C234.1 160 192 202.1 192 256C192 309 234.1 352 288 352z\"><\/path><\/svg>\n\t\t\t\t\t\t\t\t\t<\/span>\n\t\t\t\t\t\t\t<\/div>\n\t\t\t\n\n\n<h3 class=\"wp-block-heading has-text-align-center has-text-color has-link-color wp-elements-638efb9b4ef06d599b8d753f581a1849\" style=\"color:#c3c15f;margin-top:16px\">Econom\u00eda<\/h3>\n\n\n\n<p class=\"has-text-align-center\">El hormig\u00f3n es un material econ\u00f3mico y duradero que impulsa la construcci\u00f3n y aporta estabilidad al crecimiento industrial y urbano.<\/p>\n<\/div>\n\n\n\n<div class=\"wp-block-column is-vertically-aligned-top is-layout-flow wp-container-core-column-is-layout-6b73ce23 wp-block-column-is-layout-flow\">      \n\t\t\t<div class=\"uagb-icon-wrapper uagb-block-94659d0f      \"\n\t\t\tstyle=\"\" >\n\t\t\t\t\t\t\t\t\t<span class=\"uagb-svg-wrapper\" \n\t\t\t\t\t aria-label=\"industry\"\t\t\t\t\ttabindex=\"0\">\t\t\n\t\t\t\t\t\t\t\t\t\t<svg xmlns=\"https:\/\/www.w3.org\/2000\/svg\" viewBox= \"0 0 576 512\" role=\"graphics-symbol\" aria-hidden=\"false\" aria-label=\"\"><path d=\"M128 32C145.7 32 160 46.33 160 64V215.4L316.6 131C332.6 122.4 352 134 352 152.2V215.4L508.6 131C524.6 122.4 544 134 544 152.2V432C544 458.5 522.5 480 496 480H80C53.49 480 32 458.5 32 432V64C32 46.33 46.33 32 64 32H128z\"><\/path><\/svg>\n\t\t\t\t\t\t\t\t\t<\/span>\n\t\t\t\t\t\t\t<\/div>\n\t\t\t\n\n\n<h3 class=\"wp-block-heading has-text-align-center has-text-color has-link-color wp-elements-62be40a33b7504724955ea3ee9299d53\" style=\"color:#c3c15f;margin-top:16px\">Durabilidad<\/h3>\n\n\n\n<p class=\"has-text-align-center\">El hormig\u00f3n destaca por su gran durabilidad, capaz de resistir el paso del tiempo, las cargas y las condiciones clim\u00e1ticas, manteniendo su rendimiento durante d\u00e9cadas.<\/p>\n<\/div>\n\n\n\n<div class=\"wp-block-column is-vertically-aligned-top is-layout-flow wp-container-core-column-is-layout-6b73ce23 wp-block-column-is-layout-flow\">      \n\t\t\t<div class=\"uagb-icon-wrapper uagb-block-8b4ddf1d      \"\n\t\t\tstyle=\"\" >\n\t\t\t\t\t\t\t\t\t<span class=\"uagb-svg-wrapper\" \n\t\t\t\t\t aria-label=\"anchor\"\t\t\t\t\ttabindex=\"0\">\t\t\n\t\t\t\t\t\t\t\t\t\t<svg xmlns=\"https:\/\/www.w3.org\/2000\/svg\" viewBox= \"0 0 576 512\" role=\"graphics-symbol\" aria-hidden=\"false\" aria-label=\"\"><path d=\"M352 176C369.7 176 384 190.3 384 208C384 225.7 369.7 240 352 240H320V448H368C421 448 464 405 464 352V345.9L456.1 352.1C447.6 362.3 432.4 362.3 423 352.1C413.7 343.6 413.7 328.4 423 319L479 263C488.4 253.7 503.6 253.7 512.1 263L568.1 319C578.3 328.4 578.3 343.6 568.1 352.1C559.6 362.3 544.4 362.3 535 352.1L528 345.9V352C528 440.4 456.4 512 368 512H208C119.6 512 48 440.4 48 352V345.9L40.97 352.1C31.6 362.3 16.4 362.3 7.029 352.1C-2.343 343.6-2.343 328.4 7.029 319L63.03 263C72.4 253.7 87.6 253.7 96.97 263L152.1 319C162.3 328.4 162.3 343.6 152.1 352.1C143.6 362.3 128.4 362.3 119 352.1L112 345.9V352C112 405 154.1 448 208 448H256V240H224C206.3 240 192 225.7 192 208C192 190.3 206.3 176 224 176H234.9C209 158.8 192 129.4 192 96C192 42.98 234.1 0 288 0C341 0 384 42.98 384 96C384 129.4 366.1 158.8 341.1 176H352zM288 128C305.7 128 320 113.7 320 96C320 78.33 305.7 64 288 64C270.3 64 256 78.33 256 96C256 113.7 270.3 128 288 128z\"><\/path><\/svg>\n\t\t\t\t\t\t\t\t\t<\/span>\n\t\t\t\t\t\t\t<\/div>\n\t\t\t\n\n\n<h3 class=\"wp-block-heading has-text-align-center has-text-color has-link-color wp-elements-9ec821b7640c96756bb8e4d1f2b1d83c\" style=\"color:#c3c15f;margin-top:16px\">Resistencia<\/h3>\n\n\n\n<p class=\"has-text-align-center\">El hormig\u00f3n ofrece una alta resistencia mec\u00e1nica, capaz de soportar grandes cargas y esfuerzos, lo que lo convierte en un material esencial para estructuras seguras y de larga vida \u00fatil.<\/p>\n<\/div>\n<\/div>\n<\/div>\n\n\n\n<div class=\"wp-block-group alignfull has-background is-layout-constrained wp-container-core-group-is-layout-9cedb757 wp-block-group-is-layout-constrained\" style=\"background-color:#efffef;padding-bottom:0px\">\n<div class=\"wp-block-columns are-vertically-aligned-top is-layout-flex wp-container-core-columns-is-layout-00723822 wp-block-columns-is-layout-flex\">\n<div class=\"wp-block-column is-vertically-aligned-top is-layout-flow wp-container-core-column-is-layout-6b73ce23 wp-block-column-is-layout-flow\">      \n\t\t\t<div class=\"uagb-icon-wrapper uagb-block-22ceba5a      \"\n\t\t\tstyle=\"\" >\n\t\t\t\t\t\t\t\t\t<span class=\"uagb-svg-wrapper\" \n\t\t\t\t\t aria-label=\"umbrella\"\t\t\t\t\ttabindex=\"0\">\t\t\n\t\t\t\t\t\t\t\t\t\t<svg xmlns=\"https:\/\/www.w3.org\/2000\/svg\" viewBox= \"0 0 576 512\" role=\"graphics-symbol\" aria-hidden=\"false\" aria-label=\"\"><path d=\"M255.1 301.7v130.3c0 8.814-7.188 16-16 16c-7.814 0-13.19-5.314-15.1-10.69c-5.906-16.72-24.1-25.41-40.81-19.5c-16.69 5.875-25.41 24.19-19.5 40.79C175.8 490.6 206.2 512 239.1 512C284.1 512 320 476.1 320 431.1v-130.3c-9.094-7.908-19.81-13.61-32-13.61C275.7 288.1 265.6 292.9 255.1 301.7zM575.7 280.9C547.1 144.5 437.3 62.61 320 49.91V32.01c0-17.69-14.31-32.01-32-32.01S255.1 14.31 255.1 32.01v17.91C138.3 62.61 29.48 144.5 .2949 280.9C-1.926 290.1 8.795 302.1 18.98 292.2c52-55.01 107.7-52.39 158.6 37.01c5.312 9.502 14.91 8.625 19.72 0C217.5 293.9 242.2 256 287.1 256c58.5 0 88.19 68.82 90.69 73.2c4.812 8.625 14.41 9.502 19.72 0c51-89.52 107.1-91.39 158.6-37.01C567.3 302.2 577.9 290.1 575.7 280.9z\"><\/path><\/svg>\n\t\t\t\t\t\t\t\t\t<\/span>\n\t\t\t\t\t\t\t<\/div>\n\t\t\t\n\n\n<h3 class=\"wp-block-heading has-text-align-center has-text-color has-link-color wp-elements-93eb53e5450bc6c9c5ab47805293530c\" style=\"color:#c3c15f;margin-top:16px\">Impermeabilidad<\/h3>\n\n\n\n<p class=\"has-text-align-center\">El hormig\u00f3n puede alcanzar una excelente impermeabilidad, evitando la filtraci\u00f3n de agua y protegiendo las estructuras frente a la humedad y agentes externos.<\/p>\n<\/div>\n\n\n\n<div class=\"wp-block-column is-vertically-aligned-top is-layout-flow wp-container-core-column-is-layout-6b73ce23 wp-block-column-is-layout-flow\">      \n\t\t\t<div class=\"uagb-icon-wrapper uagb-block-2e49c7ea      \"\n\t\t\tstyle=\"\" >\n\t\t\t\t\t\t\t\t\t<span class=\"uagb-svg-wrapper\" \n\t\t\t\t\t aria-label=\"house-fire\"\t\t\t\t\ttabindex=\"0\">\t\t\n\t\t\t\t\t\t\t\t\t\t<svg xmlns=\"https:\/\/www.w3.org\/2000\/svg\" viewBox= \"0 0 640 512\" role=\"graphics-symbol\" aria-hidden=\"false\" aria-label=\"\"><path d=\"M288 350.1L288 352H256C238.3 352 224 366.3 224 384V472C224 494.1 206.1 512 184 512H128.1C126.6 512 125.1 511.9 123.6 511.8C122.4 511.9 121.2 512 120 512H104C81.91 512 64 494.1 64 472V360C64 359.1 64.03 358.1 64.09 357.2V287.6H32.05C14.02 287.6 0 273.5 0 255.5C0 246.5 3.004 238.5 10.01 231.5L266.4 8.016C273.4 1.002 281.4 0 288.4 0C295.4 0 303.4 2.004 309.5 7.014L447.3 128.1C434.9 127.2 422.3 131.1 412.5 139.9C377.1 171.5 346.9 207.6 325.2 242.7C304.3 276.5 288 314.9 288 350.1H288zM509 221.5C516.9 211.6 525.8 200.8 535.5 191.1C541.1 186.9 549.9 186.9 555.5 192C580.2 214.7 601.1 244.7 615.8 273.2C630.4 301.2 640 329.9 640 350.1C640 437.9 568.7 512 480 512C390.3 512 320 437.8 320 350.1C320 323.7 332.7 291.5 352.4 259.5C372.4 227.2 400.5 193.4 433.8 163.7C439.4 158.7 447.1 158.8 453.5 163.8C473.3 181.6 491.8 200.7 509 221.5V221.5zM550 336.1C548 332.1 546 328.1 543 324.1L507 367C507 367 449 293 445 288C415 324.1 400 346 400 370C400 419 436 448 481 448C499 448 515 443 530 432.1C560 412 568 370 550 336.1z\"><\/path><\/svg>\n\t\t\t\t\t\t\t\t\t<\/span>\n\t\t\t\t\t\t\t<\/div>\n\t\t\t\n\n\n<h3 class=\"wp-block-heading has-text-align-center has-text-color has-link-color wp-elements-5f4dfed6186d3cd14a972ee6812e9d86\" style=\"color:#c3c15f;margin-top:16px\">Resistencia al fuego<\/h3>\n\n\n\n<p class=\"has-text-align-center\">El hormig\u00f3n posee una gran resistencia al fuego, ya que no arde ni desprende gases t\u00f3xicos, protegiendo las estructuras y aumentando la seguridad en caso de incendio.<\/p>\n<\/div>\n\n\n\n<div class=\"wp-block-column is-vertically-aligned-top is-layout-flow wp-container-core-column-is-layout-6b73ce23 wp-block-column-is-layout-flow\">      \n\t\t\t<div class=\"uagb-icon-wrapper uagb-block-45e481ed      \"\n\t\t\tstyle=\"\" >\n\t\t\t\t\t\t\t\t\t<span class=\"uagb-svg-wrapper\" \n\t\t\t\t\t aria-label=\"screwdriver-wrench\"\t\t\t\t\ttabindex=\"0\">\t\t\n\t\t\t\t\t\t\t\t\t\t<svg xmlns=\"https:\/\/www.w3.org\/2000\/svg\" viewBox= \"0 0 512 512\" role=\"graphics-symbol\" aria-hidden=\"false\" aria-label=\"\"><path d=\"M331.8 224.1c28.29 0 54.88 10.99 74.86 30.97l19.59 19.59c40.01-17.74 71.25-53.3 81.62-96.65c5.725-23.92 5.34-47.08 .2148-68.4c-2.613-10.88-16.43-14.51-24.34-6.604l-68.9 68.9h-75.6V97.2l68.9-68.9c7.912-7.912 4.275-21.73-6.604-24.34c-21.32-5.125-44.48-5.51-68.4 .2148c-55.3 13.23-98.39 60.22-107.2 116.4C224.5 128.9 224.2 137 224.3 145l82.78 82.86C315.2 225.1 323.5 224.1 331.8 224.1zM384 278.6c-23.16-23.16-57.57-27.57-85.39-13.9L191.1 158L191.1 95.99l-127.1-95.99L0 63.1l96 127.1l62.04 .0077l106.7 106.6c-13.67 27.82-9.251 62.23 13.91 85.39l117 117.1c14.62 14.5 38.21 14.5 52.71-.0016l52.75-52.75c14.5-14.5 14.5-38.08-.0016-52.71L384 278.6zM227.9 307L168.7 247.9l-148.9 148.9c-26.37 26.37-26.37 69.08 0 95.45C32.96 505.4 50.21 512 67.5 512s34.54-6.592 47.72-19.78l119.1-119.1C225.5 352.3 222.6 329.4 227.9 307zM64 472c-13.25 0-24-10.75-24-24c0-13.26 10.75-24 24-24S88 434.7 88 448C88 461.3 77.25 472 64 472z\"><\/path><\/svg>\n\t\t\t\t\t\t\t\t\t<\/span>\n\t\t\t\t\t\t\t<\/div>\n\t\t\t\n\n\n<h3 class=\"wp-block-heading has-text-align-center has-text-color has-link-color wp-elements-306a47c42a13d15dc9ed9ddd2feb9c97\" style=\"color:#c3c15f;margin-top:16px\">Versatibilidad<\/h3>\n\n\n\n<p class=\"has-text-align-center\">El hormig\u00f3n destaca por su gran versatilidad, permitiendo crear todo tipo de formas, acabados y aplicaciones, desde estructuras resistentes hasta superficies decorativas.<\/p>\n<\/div>\n<\/div>\n<\/div>\n\n\n\n<p><\/p>\n","protected":false},"excerpt":{"rendered":"<p>Hormigones En Hormigones Pisuerga somos especialistas en la fabricaci\u00f3n y suministro de hormig\u00f3n preparado, adaptado a las necesidades de cada [&hellip;]<\/p>\n","protected":false},"author":1,"featured_media":0,"parent":0,"menu_order":0,"comment_status":"closed","ping_status":"closed","template":"","meta":{"_uag_custom_page_level_css":"","site-sidebar-layout":"default","site-content-layout":"","ast-site-content-layout":"default","site-content-style":"default","site-sidebar-style":"default","ast-global-header-display":"","ast-banner-title-visibility":"","ast-main-header-display":"","ast-hfb-above-header-display":"","ast-hfb-below-header-display":"","ast-hfb-mobile-header-display":"","site-post-title":"","ast-breadcrumbs-content":"","ast-featured-img":"","footer-sml-layout":"","theme-transparent-header-meta":"","adv-header-id-meta":"","stick-header-meta":"","header-above-stick-meta":"","header-main-stick-meta":"","header-below-stick-meta":"","astra-migrate-meta-layouts":"default","ast-page-background-enabled":"default","ast-page-background-meta":{"desktop":{"background-color":"var(--ast-global-color-5)","background-image":"","background-repeat":"repeat","background-position":"center center","background-size":"auto","background-attachment":"scroll","background-type":"","background-media":"","overlay-type":"","overlay-color":"","overlay-opacity":"","overlay-gradient":""},"tablet":{"background-color":"","background-image":"","background-repeat":"repeat","background-position":"center center","background-size":"auto","background-attachment":"scroll","background-type":"","background-media":"","overlay-type":"","overlay-color":"","overlay-opacity":"","overlay-gradient":""},"mobile":{"background-color":"","background-image":"","background-repeat":"repeat","background-position":"center center","background-size":"auto","background-attachment":"scroll","background-type":"","background-media":"","overlay-type":"","overlay-color":"","overlay-opacity":"","overlay-gradient":""}},"ast-content-background-meta":{"desktop":{"background-color":"var(--ast-global-color-4)","background-image":"","background-repeat":"repeat","background-position":"center center","background-size":"auto","background-attachment":"scroll","background-type":"","background-media":"","overlay-type":"","overlay-color":"","overlay-opacity":"","overlay-gradient":""},"tablet":{"background-color":"var(--ast-global-color-4)","background-image":"","background-repeat":"repeat","background-position":"center center","background-size":"auto","background-attachment":"scroll","background-type":"","background-media":"","overlay-type":"","overlay-color":"","overlay-opacity":"","overlay-gradient":""},"mobile":{"background-color":"var(--ast-global-color-4)","background-image":"","background-repeat":"repeat","background-position":"center center","background-size":"auto","background-attachment":"scroll","background-type":"","background-media":"","overlay-type":"","overlay-color":"","overlay-opacity":"","overlay-gradient":""}},"_joinchat":[],"footnotes":""},"class_list":["post-112","page","type-page","status-publish","hentry"],"uagb_featured_image_src":{"full":false,"thumbnail":false,"medium":false,"medium_large":false,"large":false,"1536x1536":false,"2048x2048":false},"uagb_author_info":{"display_name":"admin","author_link":"https:\/\/hormigonespisuerga.com\/?author=1"},"uagb_comment_info":0,"uagb_excerpt":"Hormigones En Hormigones Pisuerga somos especialistas en la fabricaci\u00f3n y suministro de hormig\u00f3n preparado, adaptado a las necesidades de cada [&hellip;]","_links":{"self":[{"href":"https:\/\/hormigonespisuerga.com\/index.php?rest_route=\/wp\/v2\/pages\/112","targetHints":{"allow":["GET"]}}],"collection":[{"href":"https:\/\/hormigonespisuerga.com\/index.php?rest_route=\/wp\/v2\/pages"}],"about":[{"href":"https:\/\/hormigonespisuerga.com\/index.php?rest_route=\/wp\/v2\/types\/page"}],"author":[{"embeddable":true,"href":"https:\/\/hormigonespisuerga.com\/index.php?rest_route=\/wp\/v2\/users\/1"}],"replies":[{"embeddable":true,"href":"https:\/\/hormigonespisuerga.com\/index.php?rest_route=%2Fwp%2Fv2%2Fcomments&post=112"}],"version-history":[{"count":5,"href":"https:\/\/hormigonespisuerga.com\/index.php?rest_route=\/wp\/v2\/pages\/112\/revisions"}],"predecessor-version":[{"id":128,"href":"https:\/\/hormigonespisuerga.com\/index.php?rest_route=\/wp\/v2\/pages\/112\/revisions\/128"}],"wp:attachment":[{"href":"https:\/\/hormigonespisuerga.com\/index.php?rest_route=%2Fwp%2Fv2%2Fmedia&parent=112"}],"curies":[{"name":"wp","href":"https:\/\/api.w.org\/{rel}","templated":true}]}}