{"id":101,"date":"2025-11-13T16:51:53","date_gmt":"2025-11-13T16:51:53","guid":{"rendered":"https:\/\/hormigonespisuerga.com\/?page_id=101"},"modified":"2025-11-13T17:05:10","modified_gmt":"2025-11-13T17:05:10","slug":"servicios","status":"publish","type":"page","link":"https:\/\/hormigonespisuerga.com\/?page_id=101","title":{"rendered":"Servicios"},"content":{"rendered":"\n<div class=\"wp-block-uagb-container uagb-block-971cea97 alignfull uagb-is-root-container\"><div class=\"uagb-container-inner-blocks-wrap\">\n<div class=\"wp-block-uagb-container uagb-block-838cd523\">\n<div class=\"wp-block-uagb-advanced-heading uagb-block-059c50c1\"><h2 class=\"uagb-heading-text\"><strong>Productos adaptados a las necesidades de nuestros clientes.<\/strong><\/h2><\/div>\n\n\n\n<p>Ofrecemos una amplia gama de productos dise\u00f1ados para garantizar <strong>calidad, resistencia y durabilidad<\/strong>. Nuestros <strong>hormigones<\/strong> est\u00e1n disponibles en diversas resistencias y tipos, adapt\u00e1ndose a cada proyecto, desde cimentaciones hasta acabados decorativos.<\/p>\n\n\n\n<p>Contamos con <strong>morteros especializados<\/strong> para reparaci\u00f3n, nivelaci\u00f3n y pegado, asegurando resultados precisos y confiables en cada obra.<\/p>\n\n\n\n<p>Adem\u00e1s, brindamos <strong>servicios de excavaci\u00f3n<\/strong> con maquinaria moderna que facilita cualquier trabajo, combinando eficiencia, seguridad y rapidez.<\/p>\n\n\n\n<p>Todos nuestros productos cumplen con <strong>estrictos est\u00e1ndares de calidad<\/strong> y est\u00e1n respaldados por a\u00f1os de experiencia en la industria, ofreciendo soluciones efectivas y duraderas para proyectos de cualquier tama\u00f1o. Nuestro equipo de profesionales asesora y acompa\u00f1a a cada cliente, asegurando que cada proyecto se ejecute con <strong>precisi\u00f3n y satisfacci\u00f3n<\/strong>.<\/p>\n<\/div>\n\n\n\n<div class=\"wp-block-uagb-container uagb-block-fc9b6f8e\">\n<figure class=\"wp-block-image size-full\"><img fetchpriority=\"high\" decoding=\"async\" width=\"1024\" height=\"768\" src=\"https:\/\/hormigonespisuerga.com\/wp-content\/uploads\/2025\/11\/9-1.jpg\" alt=\"\" class=\"wp-image-104\" srcset=\"https:\/\/hormigonespisuerga.com\/wp-content\/uploads\/2025\/11\/9-1.jpg 1024w, https:\/\/hormigonespisuerga.com\/wp-content\/uploads\/2025\/11\/9-1-300x225.jpg 300w, https:\/\/hormigonespisuerga.com\/wp-content\/uploads\/2025\/11\/9-1-768x576.jpg 768w\" sizes=\"(max-width: 1024px) 100vw, 1024px\" \/><\/figure>\n<\/div>\n<\/div><\/div>\n\n\n\n<div style=\"height:100px\" aria-hidden=\"true\" class=\"wp-block-spacer\"><\/div>\n\n\n\n<div class=\"wp-block-uagb-container uagb-block-2389fdc3 alignfull uagb-is-root-container\"><div class=\"uagb-container-inner-blocks-wrap\">\n<div class=\"wp-block-uagb-container uagb-block-0a770114\">\n<div class=\"wp-block-uagb-image uagb-block-b7a11e70 wp-block-uagb-image--layout-default wp-block-uagb-image--effect-static wp-block-uagb-image--align-none\"><figure class=\"wp-block-uagb-image__figure\"><img loading=\"lazy\" decoding=\"async\" srcset=\"https:\/\/hormigonespisuerga.com\/wp-content\/uploads\/2025\/11\/pexels-pixabay-327482-1024x536.jpg ,https:\/\/hormigonespisuerga.com\/wp-content\/uploads\/2025\/11\/pexels-pixabay-327482-scaled.jpg 780w, https:\/\/hormigonespisuerga.com\/wp-content\/uploads\/2025\/11\/pexels-pixabay-327482-scaled.jpg 360w\" sizes=\"auto, (max-width: 480px) 150px\" src=\"https:\/\/hormigonespisuerga.com\/wp-content\/uploads\/2025\/11\/pexels-pixabay-327482-1024x536.jpg\" alt=\"\" class=\"uag-image-106\" width=\"2782\" height=\"1455\" title=\"pexels-pixabay-327482\" loading=\"lazy\" role=\"img\"\/><\/figure><\/div>\n\n\n\n<div class=\"wp-block-uagb-advanced-heading uagb-block-78db5ce1\"><h2 class=\"uagb-heading-text\">Hormigones<\/h2><\/div>\n\n\n\n<p>En <strong>Hormigones Pisuerga<\/strong> fabricamos y suministramos hormig\u00f3n de alta calidad para todo tipo de obras. Garantizamos resistencia, durabilidad y una dosificaci\u00f3n precisa adaptada a cada proyecto, desde cimentaciones hasta estructuras de gran envergadura.<\/p>\n<\/div>\n\n\n\n<div class=\"wp-block-uagb-container uagb-block-fad01f29\">\n<div class=\"wp-block-uagb-image uagb-block-7c345af9 wp-block-uagb-image--layout-default wp-block-uagb-image--effect-static wp-block-uagb-image--align-none\"><figure class=\"wp-block-uagb-image__figure\"><img loading=\"lazy\" decoding=\"async\" srcset=\"https:\/\/hormigonespisuerga.com\/wp-content\/uploads\/2025\/11\/pexels-life-of-pix-2469-1024x683.jpg ,https:\/\/hormigonespisuerga.com\/wp-content\/uploads\/2025\/11\/pexels-life-of-pix-2469-scaled.jpg 780w, https:\/\/hormigonespisuerga.com\/wp-content\/uploads\/2025\/11\/pexels-life-of-pix-2469-scaled.jpg 360w\" sizes=\"auto, (max-width: 480px) 150px\" src=\"https:\/\/hormigonespisuerga.com\/wp-content\/uploads\/2025\/11\/pexels-life-of-pix-2469-1024x683.jpg\" alt=\"\" class=\"uag-image-107\" width=\"5760\" height=\"3840\" title=\"pexels-life-of-pix-2469\" loading=\"lazy\" role=\"img\"\/><\/figure><\/div>\n\n\n\n<div class=\"wp-block-uagb-advanced-heading uagb-block-3f40870b\"><h2 class=\"uagb-heading-text\">Morteros<\/h2><\/div>\n\n\n\n<p>Nuestros <strong>morteros<\/strong> ofrecen una mezcla homog\u00e9nea y consistente, ideal para trabajos de alba\u00f1iler\u00eda, enfoscados y revestimientos. Aseguran una excelente adherencia y acabado, facilitando una aplicaci\u00f3n r\u00e1pida y eficiente en obra.<\/p>\n<\/div>\n\n\n\n<div class=\"wp-block-uagb-container uagb-block-ddff6f09\">\n<div class=\"wp-block-uagb-image uagb-block-1ede8e36 wp-block-uagb-image--layout-default wp-block-uagb-image--effect-static wp-block-uagb-image--align-none\"><figure class=\"wp-block-uagb-image__figure\"><img loading=\"lazy\" decoding=\"async\" srcset=\"https:\/\/hormigonespisuerga.com\/wp-content\/uploads\/2025\/11\/pexels-rezwan-1078884-1024x643.jpg ,https:\/\/hormigonespisuerga.com\/wp-content\/uploads\/2025\/11\/pexels-rezwan-1078884-scaled.jpg 780w, https:\/\/hormigonespisuerga.com\/wp-content\/uploads\/2025\/11\/pexels-rezwan-1078884-scaled.jpg 360w\" sizes=\"auto, (max-width: 480px) 150px\" src=\"https:\/\/hormigonespisuerga.com\/wp-content\/uploads\/2025\/11\/pexels-rezwan-1078884-1024x643.jpg\" alt=\"\" class=\"uag-image-108\" width=\"5318\" height=\"3341\" title=\"pexels-rezwan-1078884\" loading=\"lazy\" role=\"img\"\/><\/figure><\/div>\n\n\n\n<div class=\"wp-block-uagb-advanced-heading uagb-block-6fe1274d\"><h2 class=\"uagb-heading-text\">Excavaciones<\/h2><\/div>\n\n\n\n<p>Realizamos <strong>excavaciones y movimientos de tierra<\/strong> con maquinaria moderna y personal especializado. Ejecutamos rebajes, zanjas y nivelaciones con precisi\u00f3n y seguridad, preparando el terreno para cualquier tipo de construcci\u00f3n<\/p>\n<\/div>\n<\/div><\/div>\n\n\n\n<p><\/p>\n","protected":false},"excerpt":{"rendered":"<p>Productos adaptados a las necesidades de nuestros clientes. Ofrecemos una amplia gama de productos dise\u00f1ados para garantizar calidad, resistencia y [&hellip;]<\/p>\n","protected":false},"author":1,"featured_media":0,"parent":0,"menu_order":0,"comment_status":"closed","ping_status":"closed","template":"","meta":{"_uag_custom_page_level_css":"","site-sidebar-layout":"default","site-content-layout":"","ast-site-content-layout":"default","site-content-style":"default","site-sidebar-style":"default","ast-global-header-display":"","ast-banner-title-visibility":"","ast-main-header-display":"","ast-hfb-above-header-display":"","ast-hfb-below-header-display":"","ast-hfb-mobile-header-display":"","site-post-title":"","ast-breadcrumbs-content":"","ast-featured-img":"","footer-sml-layout":"","theme-transparent-header-meta":"","adv-header-id-meta":"","stick-header-meta":"","header-above-stick-meta":"","header-main-stick-meta":"","header-below-stick-meta":"","astra-migrate-meta-layouts":"default","ast-page-background-enabled":"default","ast-page-background-meta":{"desktop":{"background-color":"var(--ast-global-color-5)","background-image":"","background-repeat":"repeat","background-position":"center center","background-size":"auto","background-attachment":"scroll","background-type":"","background-media":"","overlay-type":"","overlay-color":"","overlay-opacity":"","overlay-gradient":""},"tablet":{"background-color":"","background-image":"","background-repeat":"repeat","background-position":"center center","background-size":"auto","background-attachment":"scroll","background-type":"","background-media":"","overlay-type":"","overlay-color":"","overlay-opacity":"","overlay-gradient":""},"mobile":{"background-color":"","background-image":"","background-repeat":"repeat","background-position":"center center","background-size":"auto","background-attachment":"scroll","background-type":"","background-media":"","overlay-type":"","overlay-color":"","overlay-opacity":"","overlay-gradient":""}},"ast-content-background-meta":{"desktop":{"background-color":"var(--ast-global-color-4)","background-image":"","background-repeat":"repeat","background-position":"center center","background-size":"auto","background-attachment":"scroll","background-type":"","background-media":"","overlay-type":"","overlay-color":"","overlay-opacity":"","overlay-gradient":""},"tablet":{"background-color":"var(--ast-global-color-4)","background-image":"","background-repeat":"repeat","background-position":"center center","background-size":"auto","background-attachment":"scroll","background-type":"","background-media":"","overlay-type":"","overlay-color":"","overlay-opacity":"","overlay-gradient":""},"mobile":{"background-color":"var(--ast-global-color-4)","background-image":"","background-repeat":"repeat","background-position":"center center","background-size":"auto","background-attachment":"scroll","background-type":"","background-media":"","overlay-type":"","overlay-color":"","overlay-opacity":"","overlay-gradient":""}},"_joinchat":[],"footnotes":""},"class_list":["post-101","page","type-page","status-publish","hentry"],"uagb_featured_image_src":{"full":false,"thumbnail":false,"medium":false,"medium_large":false,"large":false,"1536x1536":false,"2048x2048":false},"uagb_author_info":{"display_name":"admin","author_link":"https:\/\/hormigonespisuerga.com\/?author=1"},"uagb_comment_info":0,"uagb_excerpt":"Productos adaptados a las necesidades de nuestros clientes. Ofrecemos una amplia gama de productos dise\u00f1ados para garantizar calidad, resistencia y [&hellip;]","_links":{"self":[{"href":"https:\/\/hormigonespisuerga.com\/index.php?rest_route=\/wp\/v2\/pages\/101","targetHints":{"allow":["GET"]}}],"collection":[{"href":"https:\/\/hormigonespisuerga.com\/index.php?rest_route=\/wp\/v2\/pages"}],"about":[{"href":"https:\/\/hormigonespisuerga.com\/index.php?rest_route=\/wp\/v2\/types\/page"}],"author":[{"embeddable":true,"href":"https:\/\/hormigonespisuerga.com\/index.php?rest_route=\/wp\/v2\/users\/1"}],"replies":[{"embeddable":true,"href":"https:\/\/hormigonespisuerga.com\/index.php?rest_route=%2Fwp%2Fv2%2Fcomments&post=101"}],"version-history":[{"count":3,"href":"https:\/\/hormigonespisuerga.com\/index.php?rest_route=\/wp\/v2\/pages\/101\/revisions"}],"predecessor-version":[{"id":109,"href":"https:\/\/hormigonespisuerga.com\/index.php?rest_route=\/wp\/v2\/pages\/101\/revisions\/109"}],"wp:attachment":[{"href":"https:\/\/hormigonespisuerga.com\/index.php?rest_route=%2Fwp%2Fv2%2Fmedia&parent=101"}],"curies":[{"name":"wp","href":"https:\/\/api.w.org\/{rel}","templated":true}]}}